{"id":3051,"date":"2018-09-26T11:28:49","date_gmt":"2018-09-26T09:28:49","guid":{"rendered":"http:\/\/dev.fondationpierrefabre.org\/?page_id=3051"},"modified":"2019-11-21T16:18:26","modified_gmt":"2019-11-21T15:18:26","slug":"connaitre-la-fondation","status":"publish","type":"page","link":"https:\/\/dev.fondationpierrefabre.org\/fr\/connaitre-la-fondation\/","title":{"rendered":"Conna\u00eetre la fondation"},"content":{"rendered":"<div class=\"fusion-fullwidth fullwidth-box fusion-builder-row-1 nonhundred-percent-fullwidth non-hundred-percent-height-scrolling\" style=\"--awb-border-radius-top-left:0px;--awb-border-radius-top-right:0px;--awb-border-radius-bottom-right:0px;--awb-border-radius-bottom-left:0px;--awb-margin-top:55px;--awb-flex-wrap:wrap;\" ><div class=\"fusion-builder-row fusion-row\"><div class=\"fusion-layout-column fusion_builder_column fusion-builder-column-0 fusion_builder_column_1_1 1_1 fusion-one-full fusion-column-first fusion-column-last\" style=\"--awb-bg-size:cover;\"><div class=\"fusion-column-wrapper fusion-column-has-shadow fusion-flex-column-wrapper-legacy\"><div class=\"fusion-title title fusion-title-1 fusion-sep-none fusion-title-center fusion-title-text fusion-title-size-one\" style=\"--awb-margin-top-small:0px;--awb-margin-right-small:0px;--awb-margin-bottom-small:20px;--awb-margin-left-small:0px;\"><h1 class=\"fusion-title-heading title-heading-center\" style=\"margin:0;\">Conna\u00eetre la Fondation<\/h1><\/div><div class=\"fusion-sep-clear\"><\/div><div class=\"fusion-separator fusion-full-width-sep\" style=\"margin-left: auto;margin-right: auto;margin-bottom:20px;width:100%;\"><\/div><div class=\"fusion-sep-clear\"><\/div><div class=\"fusion-content-boxes content-boxes columns row fusion-columns-6 fusion-columns-total-6 fusion-content-boxes-1 content-boxes-icon-on-top content-left\" style=\"--awb-hover-accent-color:#90a8ad;--awb-circle-hover-accent-color:#90a8ad;\" data-animationOffset=\"top-into-view\"><div style=\"--awb-backgroundcolor:rgba(255,255,255,0);\" class=\"fusion-column content-box-column content-box-column content-box-column-1 col-lg-2 col-md-2 col-sm-2 fusion-content-box-hover content-box-column-first-in-row\"><div class=\"col content-box-wrapper content-wrapper link-area-link-icon icon-hover-animation-fade\" data-animationOffset=\"top-into-view\"><div class=\"heading heading-with-icon icon-left\"><div class=\"icon\"><i style=\"border-color:#333333;border-width:0px;background-color:#3986ba;box-sizing:content-box;height:102px;width:102px;line-height:102px;border-radius:50%;font-size:51px;\" aria-hidden=\"true\" class=\"fontawesome-icon fa-dna fas circle-yes\"><\/i><\/div><h2 class=\"content-box-heading\" style=\"--h2_typography-font-size:18px;line-height:23px;\">Les sp\u00e9cificit\u00e9s de la Fondation<\/h2><\/div><div class=\"fusion-clearfix\"><\/div><div class=\"content-container\">\n<p>Sur cette page, d\u00e9couvrez la gen\u00e8se de la cr\u00e9ation de la Fondation par Pierre Fabre, son ADN, sa mission, ainsi que son r\u00f4le dans l&rsquo;actionnariat du groupe Pierre Fabre.<\/p>\n<\/div><\/div><\/div><div style=\"--awb-backgroundcolor:rgba(255,255,255,0);\" class=\"fusion-column content-box-column content-box-column content-box-column-2 col-lg-2 col-md-2 col-sm-2 fusion-content-box-hover \"><div class=\"col content-box-wrapper content-wrapper link-area-link-icon icon-hover-animation-fade\" data-animationOffset=\"top-into-view\"><div class=\"heading heading-with-icon icon-left\"><div class=\"icon\"><i style=\"border-color:#333333;border-width:0px;background-color:#3986ba;box-sizing:content-box;height:102px;width:102px;line-height:102px;border-radius:50%;font-size:51px;\" aria-hidden=\"true\" class=\"fontawesome-icon fa-users fas circle-yes\"><\/i><\/div><h2 class=\"content-box-heading\" style=\"--h2_typography-font-size:18px;line-height:23px;\">Organisation<\/h2><\/div><div class=\"fusion-clearfix\"><\/div><div class=\"content-container\">\n<p>D\u00e9couvrez le fonctionnement et la composition des instances de la Fondation Pierre Fabre; son conseil d&rsquo;administration, son \u00e9quipe de direction et son comit\u00e9 scientifique.<\/p>\n<\/div><\/div><\/div><div style=\"--awb-backgroundcolor:rgba(255,255,255,0);\" class=\"fusion-column content-box-column content-box-column content-box-column-3 col-lg-2 col-md-2 col-sm-2 fusion-content-box-hover \"><div class=\"col content-box-wrapper content-wrapper link-area-link-icon icon-hover-animation-fade\" data-animationOffset=\"top-into-view\"><div class=\"heading heading-with-icon icon-left\"><div class=\"icon\"><i style=\"border-color:#333333;border-width:0px;background-color:#3986ba;box-sizing:content-box;height:102px;width:102px;line-height:102px;border-radius:50%;font-size:51px;\" aria-hidden=\"true\" class=\"fontawesome-icon fa-microphone fas circle-yes\"><\/i><\/div><h2 class=\"content-box-heading\" style=\"--h2_typography-font-size:18px;line-height:23px;\">Podcasts<\/h2><\/div><div class=\"fusion-clearfix\"><\/div><div class=\"content-container\">\n<div class=\"fusion-text\">\n<p>Dans notre s\u00e9rie de 6 podcasts, nous donnons la parole \u00e0 nos partenaires et experts qui racontent les deux d\u00e9cennies d\u2019engagements de la Fondation Pierre Fabre sur le terrain pour permettre aux populations des pays du Sud un meilleur acc\u00e8s aux m\u00e9dicaments et aux soins de qualit\u00e9.<\/p>\n<\/div>\n<\/div><\/div><\/div><div style=\"--awb-backgroundcolor:rgba(255,255,255,0);\" class=\"fusion-column content-box-column content-box-column content-box-column-4 col-lg-2 col-md-2 col-sm-2 fusion-content-box-hover \"><div class=\"col content-box-wrapper content-wrapper link-area-link-icon icon-hover-animation-fade\" data-animationOffset=\"top-into-view\"><div class=\"heading heading-with-icon icon-left\"><div class=\"icon\"><i style=\"border-color:#333333;border-width:0px;background-color:#3986ba;box-sizing:content-box;height:102px;width:102px;line-height:102px;border-radius:50%;font-size:51px;\" aria-hidden=\"true\" class=\"fontawesome-icon fa-play-circle fas circle-yes\"><\/i><\/div><h2 class=\"content-box-heading\" style=\"--h2_typography-font-size:18px;line-height:23px;\">Vid\u00e9oth\u00e8que<\/h2><\/div><div class=\"fusion-clearfix\"><\/div><div class=\"content-container\">\n<p>Sur cette page, retrouvez en vid\u00e9o les actions de la Fondation sur le terrain, les t\u00e9moignages de nos b\u00e9n\u00e9ficiaires et partenaires, les conf\u00e9rences de la Fondation ainsi que les interviews de nos sp\u00e9cialistes.<\/p>\n<\/div><\/div><\/div><div style=\"--awb-backgroundcolor:rgba(255,255,255,0);\" class=\"fusion-column content-box-column content-box-column content-box-column-5 col-lg-2 col-md-2 col-sm-2 fusion-content-box-hover \"><div class=\"col content-box-wrapper content-wrapper link-area-link-icon icon-hover-animation-fade\" data-animationOffset=\"top-into-view\"><div class=\"heading heading-with-icon icon-left\"><div class=\"icon\"><i style=\"border-color:#333333;border-width:0px;background-color:#3986ba;box-sizing:content-box;height:102px;width:102px;line-height:102px;border-radius:50%;font-size:51px;\" aria-hidden=\"true\" class=\"fontawesome-icon fa-feather-alt fas circle-yes\"><\/i><\/div><h2 class=\"content-box-heading\" style=\"--h2_typography-font-size:18px;line-height:23px;\">Histoire <\/h2><\/div><div class=\"fusion-clearfix\"><\/div><div class=\"content-container\">\n<p>D\u00e9couvrez les grandes \u00e9tapes du d\u00e9veloppement de la fondation Pierre Fabre, depuis sa reconnaissance d&rsquo;utilit\u00e9 publique en 1999.<\/p>\n<\/div><\/div><\/div><div style=\"--awb-backgroundcolor:rgba(255,255,255,0);\" class=\"fusion-column content-box-column content-box-column content-box-column-6 col-lg-2 col-md-2 col-sm-2 fusion-content-box-hover content-box-column-last content-box-column-last-in-row\"><div class=\"col content-box-wrapper content-wrapper link-area-link-icon icon-hover-animation-fade\" data-animationOffset=\"top-into-view\"><div class=\"heading heading-with-icon icon-left\"><div class=\"icon\"><i style=\"border-color:#333333;border-width:0px;background-color:#3986ba;box-sizing:content-box;height:102px;width:102px;line-height:102px;border-radius:50%;font-size:51px;\" aria-hidden=\"true\" class=\"fontawesome-icon fa-globe-americas fas circle-yes\"><\/i><\/div><h2 class=\"content-box-heading\" style=\"--h2_typography-font-size:18px;line-height:23px;\">Cartographie<\/h2><\/div><div class=\"fusion-clearfix\"><\/div><div class=\"content-container\">\n<p>Sur cette carte, localisez les programmes en cours de la Fondation Pierre Fabre sur ces 5 axes d&rsquo;intervention: Formation, Dr\u00e9panocytose, Acc\u00e8s aux soins, Dermatologie et E-sant\u00e9.<\/p>\n<\/div><\/div><\/div><div class=\"fusion-clearfix\"><\/div><\/div><div class=\"fusion-clearfix\"><\/div><\/div><\/div><\/div><\/div>\n","protected":false},"excerpt":{"rendered":"","protected":false},"author":2,"featured_media":0,"parent":0,"menu_order":0,"comment_status":"closed","ping_status":"closed","template":"","meta":{"_acf_changed":false,"footnotes":""},"class_list":["post-3051","page","type-page","status-publish","hentry"],"acf":[],"yoast_head":"<!-- This site is optimized with the Yoast SEO plugin v27.2 - https:\/\/yoast.com\/product\/yoast-seo-wordpress\/ -->\n<title>Conna\u00eetre la Fondation<\/title>\n<meta name=\"description\" content=\"Venez d\u00e9couvrir les principales caract\u00e9ristiques de la Fondation Pierre Fabre : son origine, sa mission, ses partenaires et ses axes d&#039;interventions.\" \/>\n<meta name=\"robots\" content=\"noindex, follow, max-snippet:-1, max-image-preview:large, max-video-preview:-1\" \/>\n<meta property=\"og:locale\" content=\"fr_FR\" \/>\n<meta property=\"og:type\" content=\"article\" \/>\n<meta property=\"og:title\" content=\"Conna\u00eetre la Fondation\" \/>\n<meta property=\"og:description\" content=\"Venez d\u00e9couvrir les principales caract\u00e9ristiques de la Fondation Pierre Fabre : son origine, sa mission, ses partenaires et ses axes d&#039;interventions.\" \/>\n<meta property=\"og:url\" content=\"https:\/\/dev.fondationpierrefabre.org\/fr\/connaitre-la-fondation\/\" \/>\n<meta property=\"og:site_name\" content=\"Dev FPF\" \/>\n<meta property=\"article:publisher\" content=\"https:\/\/www.facebook.com\/FondationPierreFabre\/\" \/>\n<meta property=\"article:modified_time\" content=\"2019-11-21T15:18:26+00:00\" \/>\n<meta property=\"og:image\" content=\"https:\/\/dev.fondationpierrefabre.org\/wp-content\/uploads\/2018\/05\/Fondation-Pierre-Fabre-Logo.jpg\" \/>\n\t<meta property=\"og:image:width\" content=\"1940\" \/>\n\t<meta property=\"og:image:height\" content=\"578\" \/>\n\t<meta property=\"og:image:type\" content=\"image\/jpeg\" \/>\n<meta name=\"twitter:card\" content=\"summary_large_image\" \/>\n<meta name=\"twitter:site\" content=\"@FondationPFabre\" \/>\n<meta name=\"twitter:label1\" content=\"Dur\u00e9e de lecture estim\u00e9e\" \/>\n\t<meta name=\"twitter:data1\" content=\"5 minutes\" \/>\n<script type=\"application\/ld+json\" class=\"yoast-schema-graph\">{\"@context\":\"https:\/\/schema.org\",\"@graph\":[{\"@type\":\"WebPage\",\"@id\":\"https:\/\/dev.fondationpierrefabre.org\/fr\/connaitre-la-fondation\/\",\"url\":\"https:\/\/dev.fondationpierrefabre.org\/fr\/connaitre-la-fondation\/\",\"name\":\"Conna\u00eetre la Fondation\",\"isPartOf\":{\"@id\":\"https:\/\/dev.fondationpierrefabre.org\/fr\/#website\"},\"datePublished\":\"2018-09-26T09:28:49+00:00\",\"dateModified\":\"2019-11-21T15:18:26+00:00\",\"description\":\"Venez d\u00e9couvrir les principales caract\u00e9ristiques de la Fondation Pierre Fabre : son origine, sa mission, ses partenaires et ses axes d'interventions.\",\"breadcrumb\":{\"@id\":\"https:\/\/dev.fondationpierrefabre.org\/fr\/connaitre-la-fondation\/#breadcrumb\"},\"inLanguage\":\"fr-FR\",\"potentialAction\":[{\"@type\":\"ReadAction\",\"target\":[\"https:\/\/dev.fondationpierrefabre.org\/fr\/connaitre-la-fondation\/\"]}]},{\"@type\":\"BreadcrumbList\",\"@id\":\"https:\/\/dev.fondationpierrefabre.org\/fr\/connaitre-la-fondation\/#breadcrumb\",\"itemListElement\":[{\"@type\":\"ListItem\",\"position\":1,\"name\":\"\",\"item\":\"https:\/\/dev.fondationpierrefabre.org\/fr\/\"},{\"@type\":\"ListItem\",\"position\":2,\"name\":\"Conna\u00eetre la fondation\"}]},{\"@type\":\"WebSite\",\"@id\":\"https:\/\/dev.fondationpierrefabre.org\/fr\/#website\",\"url\":\"https:\/\/dev.fondationpierrefabre.org\/fr\/\",\"name\":\"Dev FPF\",\"description\":\"Acc\u00e8s aux soins de qualit\u00e9 pour tous\",\"publisher\":{\"@id\":\"https:\/\/dev.fondationpierrefabre.org\/fr\/#organization\"},\"potentialAction\":[{\"@type\":\"SearchAction\",\"target\":{\"@type\":\"EntryPoint\",\"urlTemplate\":\"https:\/\/dev.fondationpierrefabre.org\/fr\/?s={search_term_string}\"},\"query-input\":{\"@type\":\"PropertyValueSpecification\",\"valueRequired\":true,\"valueName\":\"search_term_string\"}}],\"inLanguage\":\"fr-FR\"},{\"@type\":\"Organization\",\"@id\":\"https:\/\/dev.fondationpierrefabre.org\/fr\/#organization\",\"name\":\"Fondation Pierre Fabre\",\"url\":\"https:\/\/dev.fondationpierrefabre.org\/fr\/\",\"logo\":{\"@type\":\"ImageObject\",\"inLanguage\":\"fr-FR\",\"@id\":\"https:\/\/dev.fondationpierrefabre.org\/fr\/#\/schema\/logo\/image\/\",\"url\":\"https:\/\/dev.fondationpierrefabre.org\/wp-content\/uploads\/2018\/04\/fondation-pierre-fabre-logo.png\",\"contentUrl\":\"https:\/\/dev.fondationpierrefabre.org\/wp-content\/uploads\/2018\/04\/fondation-pierre-fabre-logo.png\",\"width\":240,\"height\":60,\"caption\":\"Fondation Pierre Fabre\"},\"image\":{\"@id\":\"https:\/\/dev.fondationpierrefabre.org\/fr\/#\/schema\/logo\/image\/\"},\"sameAs\":[\"https:\/\/www.facebook.com\/FondationPierreFabre\/\",\"https:\/\/x.com\/FondationPFabre\",\"https:\/\/www.linkedin.com\/company\/fondation_pierrefabre\/\",\"https:\/\/www.youtube.com\/channel\/UCSTB8YVIiEnbarvfFcQ-4UA\"]}]}<\/script>\n<!-- \/ Yoast SEO plugin. -->","yoast_head_json":{"title":"Conna\u00eetre la Fondation","description":"Venez d\u00e9couvrir les principales caract\u00e9ristiques de la Fondation Pierre Fabre : son origine, sa mission, ses partenaires et ses axes d'interventions.","robots":{"index":"noindex","follow":"follow","max-snippet":"max-snippet:-1","max-image-preview":"max-image-preview:large","max-video-preview":"max-video-preview:-1"},"og_locale":"fr_FR","og_type":"article","og_title":"Conna\u00eetre la Fondation","og_description":"Venez d\u00e9couvrir les principales caract\u00e9ristiques de la Fondation Pierre Fabre : son origine, sa mission, ses partenaires et ses axes d'interventions.","og_url":"https:\/\/dev.fondationpierrefabre.org\/fr\/connaitre-la-fondation\/","og_site_name":"Dev FPF","article_publisher":"https:\/\/www.facebook.com\/FondationPierreFabre\/","article_modified_time":"2019-11-21T15:18:26+00:00","og_image":[{"width":1940,"height":578,"url":"https:\/\/dev.fondationpierrefabre.org\/wp-content\/uploads\/2018\/05\/Fondation-Pierre-Fabre-Logo.jpg","type":"image\/jpeg"}],"twitter_card":"summary_large_image","twitter_site":"@FondationPFabre","twitter_misc":{"Dur\u00e9e de lecture estim\u00e9e":"5 minutes"},"schema":{"@context":"https:\/\/schema.org","@graph":[{"@type":"WebPage","@id":"https:\/\/dev.fondationpierrefabre.org\/fr\/connaitre-la-fondation\/","url":"https:\/\/dev.fondationpierrefabre.org\/fr\/connaitre-la-fondation\/","name":"Conna\u00eetre la Fondation","isPartOf":{"@id":"https:\/\/dev.fondationpierrefabre.org\/fr\/#website"},"datePublished":"2018-09-26T09:28:49+00:00","dateModified":"2019-11-21T15:18:26+00:00","description":"Venez d\u00e9couvrir les principales caract\u00e9ristiques de la Fondation Pierre Fabre : son origine, sa mission, ses partenaires et ses axes d'interventions.","breadcrumb":{"@id":"https:\/\/dev.fondationpierrefabre.org\/fr\/connaitre-la-fondation\/#breadcrumb"},"inLanguage":"fr-FR","potentialAction":[{"@type":"ReadAction","target":["https:\/\/dev.fondationpierrefabre.org\/fr\/connaitre-la-fondation\/"]}]},{"@type":"BreadcrumbList","@id":"https:\/\/dev.fondationpierrefabre.org\/fr\/connaitre-la-fondation\/#breadcrumb","itemListElement":[{"@type":"ListItem","position":1,"name":"","item":"https:\/\/dev.fondationpierrefabre.org\/fr\/"},{"@type":"ListItem","position":2,"name":"Conna\u00eetre la fondation"}]},{"@type":"WebSite","@id":"https:\/\/dev.fondationpierrefabre.org\/fr\/#website","url":"https:\/\/dev.fondationpierrefabre.org\/fr\/","name":"Dev FPF","description":"Acc\u00e8s aux soins de qualit\u00e9 pour tous","publisher":{"@id":"https:\/\/dev.fondationpierrefabre.org\/fr\/#organization"},"potentialAction":[{"@type":"SearchAction","target":{"@type":"EntryPoint","urlTemplate":"https:\/\/dev.fondationpierrefabre.org\/fr\/?s={search_term_string}"},"query-input":{"@type":"PropertyValueSpecification","valueRequired":true,"valueName":"search_term_string"}}],"inLanguage":"fr-FR"},{"@type":"Organization","@id":"https:\/\/dev.fondationpierrefabre.org\/fr\/#organization","name":"Fondation Pierre Fabre","url":"https:\/\/dev.fondationpierrefabre.org\/fr\/","logo":{"@type":"ImageObject","inLanguage":"fr-FR","@id":"https:\/\/dev.fondationpierrefabre.org\/fr\/#\/schema\/logo\/image\/","url":"https:\/\/dev.fondationpierrefabre.org\/wp-content\/uploads\/2018\/04\/fondation-pierre-fabre-logo.png","contentUrl":"https:\/\/dev.fondationpierrefabre.org\/wp-content\/uploads\/2018\/04\/fondation-pierre-fabre-logo.png","width":240,"height":60,"caption":"Fondation Pierre Fabre"},"image":{"@id":"https:\/\/dev.fondationpierrefabre.org\/fr\/#\/schema\/logo\/image\/"},"sameAs":["https:\/\/www.facebook.com\/FondationPierreFabre\/","https:\/\/x.com\/FondationPFabre","https:\/\/www.linkedin.com\/company\/fondation_pierrefabre\/","https:\/\/www.youtube.com\/channel\/UCSTB8YVIiEnbarvfFcQ-4UA"]}]}},"_links":{"self":[{"href":"https:\/\/dev.fondationpierrefabre.org\/fr\/wp-json\/wp\/v2\/pages\/3051","targetHints":{"allow":["GET"]}}],"collection":[{"href":"https:\/\/dev.fondationpierrefabre.org\/fr\/wp-json\/wp\/v2\/pages"}],"about":[{"href":"https:\/\/dev.fondationpierrefabre.org\/fr\/wp-json\/wp\/v2\/types\/page"}],"author":[{"embeddable":true,"href":"https:\/\/dev.fondationpierrefabre.org\/fr\/wp-json\/wp\/v2\/users\/2"}],"replies":[{"embeddable":true,"href":"https:\/\/dev.fondationpierrefabre.org\/fr\/wp-json\/wp\/v2\/comments?post=3051"}],"version-history":[{"count":0,"href":"https:\/\/dev.fondationpierrefabre.org\/fr\/wp-json\/wp\/v2\/pages\/3051\/revisions"}],"wp:attachment":[{"href":"https:\/\/dev.fondationpierrefabre.org\/fr\/wp-json\/wp\/v2\/media?parent=3051"}],"curies":[{"name":"wp","href":"https:\/\/api.w.org\/{rel}","templated":true}]}}