{"id":261,"date":"2018-05-03T00:20:21","date_gmt":"2018-05-02T22:20:21","guid":{"rendered":"http:\/\/dev.fondationpierrefabre.org\/?page_id=261"},"modified":"2019-02-12T14:47:38","modified_gmt":"2019-02-12T13:47:38","slug":"organisation","status":"publish","type":"page","link":"https:\/\/dev.fondationpierrefabre.org\/fr\/connaitre-la-fondation\/organisation\/","title":{"rendered":"Organisation"},"content":{"rendered":"<p><div class=\"fusion-fullwidth fullwidth-box fusion-builder-row-1 hundred-percent-fullwidth non-hundred-percent-height-scrolling\" style=\"--awb-border-radius-top-left:0px;--awb-border-radius-top-right:0px;--awb-border-radius-bottom-right:0px;--awb-border-radius-bottom-left:0px;--awb-background-color:#f2f2f2;--awb-flex-wrap:wrap;\" ><div class=\"fusion-builder-row fusion-row\"><div class=\"fusion-layout-column fusion_builder_column fusion-builder-column-0 fusion_builder_column_1_1 1_1 fusion-one-full fusion-column-first fusion-column-last\" style=\"--awb-bg-size:cover;\"><div class=\"fusion-column-wrapper fusion-flex-column-wrapper-legacy\"><div class=\"fusion-text fusion-text-1\"><h1 style=\"text-align: center\">La gouvernance de la Fondation<\/h1>\n<\/div><div class=\"fusion-clearfix\"><\/div><\/div><\/div><\/div><\/div><div class=\"fusion-fullwidth fullwidth-box fusion-builder-row-2 nonhundred-percent-fullwidth non-hundred-percent-height-scrolling\" style=\"--awb-border-radius-top-left:0px;--awb-border-radius-top-right:0px;--awb-border-radius-bottom-right:0px;--awb-border-radius-bottom-left:0px;--awb-margin-top:40px;--awb-flex-wrap:wrap;\" ><div class=\"fusion-builder-row fusion-row\"><div class=\"fusion-layout-column fusion_builder_column fusion-builder-column-1 fusion_builder_column_1_1 1_1 fusion-one-full fusion-column-first fusion-column-last\" style=\"--awb-bg-size:cover;\"><div class=\"fusion-column-wrapper fusion-flex-column-wrapper-legacy\"><div class=\"fusion-text fusion-text-2\"><h2>LE CONSEIL D&rsquo;ADMINISTRATION<\/h2>\n<h4><span style=\"color: #14769e\">La Fondation Pierre Fabre est administr\u00e9e par un Conseil d&rsquo;Administration qui se r\u00e9unit au moins 2 fois par an. Il d\u00e9finit les grandes orientations, valide les projets strat\u00e9giques et veille \u00e0 la bonne gestion. Il est compos\u00e9 de 14 membres divis\u00e9s en 3 coll\u00e8ges :\u00a0<\/span><\/h4>\n<p><span style=\"font-size: 14pt\"><strong>Coll\u00e8ge des Fondateurs<\/strong><\/span><\/p>\n<ul>\n<li><strong>M. Pierre-Yves Revol<\/strong>, Pr\u00e9sident<\/li>\n<li><strong>M. Jacques Fabre<\/strong>, Secr\u00e9taire et Administrateur de Pierre Fabre SA<\/li>\n<li><strong>M. Jacques Godfrain<\/strong>, Tr\u00e9sorier, ancien Ministre de la Coop\u00e9ration<\/li>\n<li><strong>Mme Huong Mangin<\/strong>, Directrice g\u00e9n\u00e9rale de soci\u00e9t\u00e9s<\/li>\n<li><strong>M. Francis Piquemal<\/strong>, Administrateur de soci\u00e9t\u00e9s<\/li>\n<li><strong>M. Jean-Pierre Marcantoni<\/strong>, M\u00e9decin cardiologue<\/li>\n<\/ul>\n<p><span style=\"font-size: 14pt\"><strong>Membres de Droit<\/strong><\/span><\/p>\n<ul>\n<li><strong>M. Jean-Michel Mougard<\/strong>, repr\u00e9sentant du Ministre de l&rsquo;Int\u00e9rieur, Pr\u00e9fet du Tarn<\/li>\n<li><strong>M. Jean-Pierre Lamarque<\/strong>, repr\u00e9sentant du Ministre des Affaires \u00e9trang\u00e8res et du D\u00e9veloppement, m\u00e9decin, conseiller de coop\u00e9ration en sant\u00e9 pour l&rsquo;Afrique de l&rsquo;Ouest<\/li>\n<\/ul>\n<p><span style=\"font-size: 14pt\"><strong>Membres coopt\u00e9s<\/strong><\/span><\/p>\n<ul>\n<li><strong>Mme Nathalie Delapalme<\/strong>, Directrice de la Recherche et des Politiques Publiques pour la Fondation Mo Ibrahim<\/li>\n<li><strong>M. Alain M\u00e9rieux<\/strong>, Docteur en Pharmacie, Pr\u00e9sident de l&rsquo;Institut M\u00e9rieux<\/li>\n<li><strong>M. Jean-Martin Cohen Solal<\/strong>, M\u00e9decin, D\u00e9l\u00e9gu\u00e9 g\u00e9n\u00e9ral de la Mutualit\u00e9 Fran\u00e7aise<\/li>\n<li><strong>M. Philippe Faure<\/strong>, Ambassadeur de France<\/li>\n<li><strong>M. Luong N\u2019Guyen<\/strong>, Docteur en m\u00e9decine sp\u00e9cialis\u00e9e en ophtalmologie<\/li>\n<li><strong>M. le Professeur Pierre Teillac<\/strong>, Professeur d\u2019urologie<\/li>\n<\/ul>\n<\/div><div class=\"fusion-clearfix\"><\/div><\/div><\/div><\/div><\/div><div class=\"fusion-fullwidth fullwidth-box fusion-builder-row-3 nonhundred-percent-fullwidth non-hundred-percent-height-scrolling\" style=\"--awb-border-radius-top-left:0px;--awb-border-radius-top-right:0px;--awb-border-radius-bottom-right:0px;--awb-border-radius-bottom-left:0px;--awb-margin-top:50px;--awb-flex-wrap:wrap;\" ><div class=\"fusion-builder-row fusion-row\"><div class=\"fusion-layout-column fusion_builder_column fusion-builder-column-2 fusion_builder_column_1_1 1_1 fusion-one-full fusion-column-first fusion-column-last\" style=\"--awb-bg-size:cover;\"><div class=\"fusion-column-wrapper fusion-flex-column-wrapper-legacy\"><div class=\"fusion-text fusion-text-3\"><h2>LA DIRECTION<\/h2>\n<h4><span style=\"color: #22789c\">L&rsquo;\u00e9quipe de direction, sous l&rsquo;impulsion de la Directrice G\u00e9n\u00e9rale, propose des programmes et des actions au Conseil d&rsquo;Administration et assure la mise en place, la coordination et le suivi des programmes.<\/span><\/h4>\n<p><span style=\"font-size: 14pt\"><strong>L\u2019\u00e9quipe de Direction<\/strong><\/span><\/p>\n<ul>\n<li><strong>Mme B\u00e9atrice Garrette<\/strong>,\u00a0Directrice G\u00e9n\u00e9rale<\/li>\n<li><strong>Mme V\u00e9ronique Teyssi\u00e9<\/strong>, Responsable programmes<\/li>\n<li><strong>Mme Delphine Choquet<\/strong>, Assistante<\/li>\n<li><strong>M. le Professeur Jean Cros<\/strong>, Conseiller scientifique<\/li>\n<li><strong>M. Fabien Aubertie<\/strong>, Responsable administratif et financier<\/li>\n<li><strong>Mlle Emilie Lauressergues<\/strong>, Charg\u00e9e d&rsquo;\u00e9tudes<\/li>\n<li><strong>Monsieur Jean-Paul Caub\u00e8re<\/strong>, Directeur charg\u00e9 des affaires m\u00e9dicales et de la coordination des programmes scientifiques et de recherche<\/li>\n<li><strong>Monsieur Guillaume Festivi<\/strong>, Responsable de la communication<\/li>\n<\/ul>\n<\/div><div class=\"fusion-clearfix\"><\/div><\/div><\/div><\/div><\/div><div class=\"fusion-fullwidth fullwidth-box fusion-builder-row-4 nonhundred-percent-fullwidth non-hundred-percent-height-scrolling\" style=\"--awb-border-radius-top-left:0px;--awb-border-radius-top-right:0px;--awb-border-radius-bottom-right:0px;--awb-border-radius-bottom-left:0px;--awb-margin-top:50px;--awb-margin-bottom:25px;--awb-flex-wrap:wrap;\" ><div class=\"fusion-builder-row fusion-row\"><div class=\"fusion-layout-column fusion_builder_column fusion-builder-column-3 fusion_builder_column_1_1 1_1 fusion-one-full fusion-column-first fusion-column-last\" style=\"--awb-bg-size:cover;\"><div class=\"fusion-column-wrapper fusion-flex-column-wrapper-legacy\"><div class=\"fusion-text fusion-text-4\"><h2>LE COMIT\u00c9 SCIENTIFIQUE<\/h2>\n<h4><span style=\"color: #22789c\">Constitu\u00e9 de personnalit\u00e9s scientifiques, le Comit\u00e9 Scientifique propose et donne un avis consultatif sur les grandes orientations et le programme d&rsquo;action.<\/span><\/h4>\n<ul>\n<li><strong>Pr\u00e9sident,\u00a0Professeur Pierre Teillac<\/strong>, Chirurgien urologue &#8211; Directeur de l\u2019ensemble hospitalier de l\u2019Institut Curie de 2011 \u00e0 2014<\/li>\n<li><strong>Professeur Jean Cros<\/strong>, Pharmacologue<\/li>\n<li><strong>Professeur Dapa Diallo<\/strong>, H\u00e9matologue \u2013 Directeur g\u00e9n\u00e9ral du CRLD de Bamako (Mali)<\/li>\n<li><strong>Professeur Marc Gentilini<\/strong>, M\u00e9decin sp\u00e9cialiste des maladies infectieuses et tropicales &#8211; Professeur \u00e9m\u00e9rite \u00e0 l\u2019h\u00f4pital de la Piti\u00e9 Salp\u00e9tri\u00e8re, membre de l\u2019Acad\u00e9mie de M\u00e9decine qu\u2019il a pr\u00e9sid\u00e9e en 2008, Pr\u00e9sident Fondateur de l\u2019Organisation Panafricaine de Lutte pour la Sant\u00e9 (OPALS), Pr\u00e9sident de la Croix-Rouge fran\u00e7aise de 1997 \u00e0 2004)<\/li>\n<li><strong>Professeur G\u00e9rard Lorette<\/strong>, Dermatologue &#8211;\u00a0Professeur des Universit\u00e9s, Chef de P\u00f4le CHU de Tours, membre de l\u2019Equipe de Recherche Virologie et Immunologie Mol\u00e9culaires UMR 1282 INRA &#8211; Universit\u00e9 de Tours)<\/li>\n<li><strong>Professeur Gil Tchernia<\/strong>, H\u00e9matologue &#8211; Professeur honoraire \u00e0 la facult\u00e9 de m\u00e9decine de Paris XI<\/li>\n<li><strong>Professeur Michel Vidal<\/strong>, Pharmacochimiste &#8211; Responsable du laboratoire \u00ab\u00a0Peptides et peptidomim\u00e9tiques \u00e0 vis\u00e9e anti-angiog\u00e9nique\u00a0\u00bb de l\u2019UMR 8638 CNRS &#8211; Universit\u00e9 Paris Descartes<\/li>\n<li><strong>Docteur Claire Rieux<\/strong>, H\u00e9matologue \u00e0 l&rsquo;h\u00f4pital Henri Mondor, sp\u00e9cialis\u00e9e en \u00e9pid\u00e9miologie et en m\u00e9decine humanitaire<\/li>\n<li><strong>Docteur Bernard Vallat<\/strong>, V\u00e9t\u00e9rinaire, Directeur g\u00e9n\u00e9ral de l&rsquo;OIE (Organisation Internationale de sant\u00e9 animale)<\/li>\n<\/ul>\n<p><em>Toutes les fonctions de membres du Conseil d&rsquo;Administration et de membres du Comit\u00e9 Scientifique sont exerc\u00e9es \u00e0 titre b\u00e9n\u00e9vole.<\/em><\/p>\n<\/div><div class=\"fusion-clearfix\"><\/div><\/div><\/div><\/div><\/div><\/p>\n","protected":false},"excerpt":{"rendered":"","protected":false},"author":2,"featured_media":0,"parent":3051,"menu_order":0,"comment_status":"closed","ping_status":"closed","template":"100-width.php","meta":{"_acf_changed":false,"footnotes":""},"class_list":["post-261","page","type-page","status-publish","hentry"],"acf":[],"yoast_head":"<!-- This site is optimized with the Yoast SEO plugin v27.2 - https:\/\/yoast.com\/product\/yoast-seo-wordpress\/ -->\n<title>La gouvernance de la Fondation | Fondation Pierre Fabre<\/title>\n<meta name=\"description\" content=\"D\u00e9couvrez la gouvernance de la Fondation Pierre Fabre, son Consel d&#039;administration, sa Direction et son comit\u00e9 scientifique.\" \/>\n<meta name=\"robots\" content=\"noindex, follow, max-snippet:-1, max-image-preview:large, max-video-preview:-1\" \/>\n<meta property=\"og:locale\" content=\"fr_FR\" \/>\n<meta property=\"og:type\" content=\"article\" \/>\n<meta property=\"og:title\" content=\"La gouvernance de la Fondation | Fondation Pierre Fabre\" \/>\n<meta property=\"og:description\" content=\"D\u00e9couvrez la gouvernance de la Fondation Pierre Fabre, son Consel d&#039;administration, sa Direction et son comit\u00e9 scientifique.\" \/>\n<meta property=\"og:url\" content=\"https:\/\/dev.fondationpierrefabre.org\/fr\/connaitre-la-fondation\/organisation\/\" \/>\n<meta property=\"og:site_name\" content=\"Dev FPF\" \/>\n<meta property=\"article:publisher\" content=\"https:\/\/www.facebook.com\/FondationPierreFabre\/\" \/>\n<meta property=\"article:modified_time\" content=\"2019-02-12T13:47:38+00:00\" \/>\n<meta property=\"og:image\" content=\"https:\/\/dev.fondationpierrefabre.org\/wp-content\/uploads\/2018\/05\/Fondation-Pierre-Fabre-Logo.jpg\" \/>\n\t<meta property=\"og:image:width\" content=\"1940\" \/>\n\t<meta property=\"og:image:height\" content=\"578\" \/>\n\t<meta property=\"og:image:type\" content=\"image\/jpeg\" \/>\n<meta name=\"twitter:card\" content=\"summary_large_image\" \/>\n<meta name=\"twitter:site\" content=\"@FondationPFabre\" \/>\n<meta name=\"twitter:label1\" content=\"Dur\u00e9e de lecture estim\u00e9e\" \/>\n\t<meta name=\"twitter:data1\" content=\"7 minutes\" \/>\n<script type=\"application\/ld+json\" class=\"yoast-schema-graph\">{\"@context\":\"https:\/\/schema.org\",\"@graph\":[{\"@type\":\"WebPage\",\"@id\":\"https:\/\/dev.fondationpierrefabre.org\/fr\/connaitre-la-fondation\/organisation\/\",\"url\":\"https:\/\/dev.fondationpierrefabre.org\/fr\/connaitre-la-fondation\/organisation\/\",\"name\":\"La gouvernance de la Fondation | Fondation Pierre Fabre\",\"isPartOf\":{\"@id\":\"https:\/\/dev.fondationpierrefabre.org\/fr\/#website\"},\"datePublished\":\"2018-05-02T22:20:21+00:00\",\"dateModified\":\"2019-02-12T13:47:38+00:00\",\"description\":\"D\u00e9couvrez la gouvernance de la Fondation Pierre Fabre, son Consel d'administration, sa Direction et son comit\u00e9 scientifique.\",\"breadcrumb\":{\"@id\":\"https:\/\/dev.fondationpierrefabre.org\/fr\/connaitre-la-fondation\/organisation\/#breadcrumb\"},\"inLanguage\":\"fr-FR\",\"potentialAction\":[{\"@type\":\"ReadAction\",\"target\":[\"https:\/\/dev.fondationpierrefabre.org\/fr\/connaitre-la-fondation\/organisation\/\"]}]},{\"@type\":\"BreadcrumbList\",\"@id\":\"https:\/\/dev.fondationpierrefabre.org\/fr\/connaitre-la-fondation\/organisation\/#breadcrumb\",\"itemListElement\":[{\"@type\":\"ListItem\",\"position\":1,\"name\":\"\",\"item\":\"https:\/\/dev.fondationpierrefabre.org\/fr\/\"},{\"@type\":\"ListItem\",\"position\":2,\"name\":\"Conna\u00eetre la fondation\",\"item\":\"https:\/\/dev.fondationpierrefabre.org\/fr\/connaitre-la-fondation\/\"},{\"@type\":\"ListItem\",\"position\":3,\"name\":\"Organisation\"}]},{\"@type\":\"WebSite\",\"@id\":\"https:\/\/dev.fondationpierrefabre.org\/fr\/#website\",\"url\":\"https:\/\/dev.fondationpierrefabre.org\/fr\/\",\"name\":\"Dev FPF\",\"description\":\"Acc\u00e8s aux soins de qualit\u00e9 pour tous\",\"publisher\":{\"@id\":\"https:\/\/dev.fondationpierrefabre.org\/fr\/#organization\"},\"potentialAction\":[{\"@type\":\"SearchAction\",\"target\":{\"@type\":\"EntryPoint\",\"urlTemplate\":\"https:\/\/dev.fondationpierrefabre.org\/fr\/?s={search_term_string}\"},\"query-input\":{\"@type\":\"PropertyValueSpecification\",\"valueRequired\":true,\"valueName\":\"search_term_string\"}}],\"inLanguage\":\"fr-FR\"},{\"@type\":\"Organization\",\"@id\":\"https:\/\/dev.fondationpierrefabre.org\/fr\/#organization\",\"name\":\"Fondation Pierre Fabre\",\"url\":\"https:\/\/dev.fondationpierrefabre.org\/fr\/\",\"logo\":{\"@type\":\"ImageObject\",\"inLanguage\":\"fr-FR\",\"@id\":\"https:\/\/dev.fondationpierrefabre.org\/fr\/#\/schema\/logo\/image\/\",\"url\":\"https:\/\/dev.fondationpierrefabre.org\/wp-content\/uploads\/2018\/04\/fondation-pierre-fabre-logo.png\",\"contentUrl\":\"https:\/\/dev.fondationpierrefabre.org\/wp-content\/uploads\/2018\/04\/fondation-pierre-fabre-logo.png\",\"width\":240,\"height\":60,\"caption\":\"Fondation Pierre Fabre\"},\"image\":{\"@id\":\"https:\/\/dev.fondationpierrefabre.org\/fr\/#\/schema\/logo\/image\/\"},\"sameAs\":[\"https:\/\/www.facebook.com\/FondationPierreFabre\/\",\"https:\/\/x.com\/FondationPFabre\",\"https:\/\/www.linkedin.com\/company\/fondation_pierrefabre\/\",\"https:\/\/www.youtube.com\/channel\/UCSTB8YVIiEnbarvfFcQ-4UA\"]}]}<\/script>\n<!-- \/ Yoast SEO plugin. -->","yoast_head_json":{"title":"La gouvernance de la Fondation | Fondation Pierre Fabre","description":"D\u00e9couvrez la gouvernance de la Fondation Pierre Fabre, son Consel d'administration, sa Direction et son comit\u00e9 scientifique.","robots":{"index":"noindex","follow":"follow","max-snippet":"max-snippet:-1","max-image-preview":"max-image-preview:large","max-video-preview":"max-video-preview:-1"},"og_locale":"fr_FR","og_type":"article","og_title":"La gouvernance de la Fondation | Fondation Pierre Fabre","og_description":"D\u00e9couvrez la gouvernance de la Fondation Pierre Fabre, son Consel d'administration, sa Direction et son comit\u00e9 scientifique.","og_url":"https:\/\/dev.fondationpierrefabre.org\/fr\/connaitre-la-fondation\/organisation\/","og_site_name":"Dev FPF","article_publisher":"https:\/\/www.facebook.com\/FondationPierreFabre\/","article_modified_time":"2019-02-12T13:47:38+00:00","og_image":[{"width":1940,"height":578,"url":"https:\/\/dev.fondationpierrefabre.org\/wp-content\/uploads\/2018\/05\/Fondation-Pierre-Fabre-Logo.jpg","type":"image\/jpeg"}],"twitter_card":"summary_large_image","twitter_site":"@FondationPFabre","twitter_misc":{"Dur\u00e9e de lecture estim\u00e9e":"7 minutes"},"schema":{"@context":"https:\/\/schema.org","@graph":[{"@type":"WebPage","@id":"https:\/\/dev.fondationpierrefabre.org\/fr\/connaitre-la-fondation\/organisation\/","url":"https:\/\/dev.fondationpierrefabre.org\/fr\/connaitre-la-fondation\/organisation\/","name":"La gouvernance de la Fondation | Fondation Pierre Fabre","isPartOf":{"@id":"https:\/\/dev.fondationpierrefabre.org\/fr\/#website"},"datePublished":"2018-05-02T22:20:21+00:00","dateModified":"2019-02-12T13:47:38+00:00","description":"D\u00e9couvrez la gouvernance de la Fondation Pierre Fabre, son Consel d'administration, sa Direction et son comit\u00e9 scientifique.","breadcrumb":{"@id":"https:\/\/dev.fondationpierrefabre.org\/fr\/connaitre-la-fondation\/organisation\/#breadcrumb"},"inLanguage":"fr-FR","potentialAction":[{"@type":"ReadAction","target":["https:\/\/dev.fondationpierrefabre.org\/fr\/connaitre-la-fondation\/organisation\/"]}]},{"@type":"BreadcrumbList","@id":"https:\/\/dev.fondationpierrefabre.org\/fr\/connaitre-la-fondation\/organisation\/#breadcrumb","itemListElement":[{"@type":"ListItem","position":1,"name":"","item":"https:\/\/dev.fondationpierrefabre.org\/fr\/"},{"@type":"ListItem","position":2,"name":"Conna\u00eetre la fondation","item":"https:\/\/dev.fondationpierrefabre.org\/fr\/connaitre-la-fondation\/"},{"@type":"ListItem","position":3,"name":"Organisation"}]},{"@type":"WebSite","@id":"https:\/\/dev.fondationpierrefabre.org\/fr\/#website","url":"https:\/\/dev.fondationpierrefabre.org\/fr\/","name":"Dev FPF","description":"Acc\u00e8s aux soins de qualit\u00e9 pour tous","publisher":{"@id":"https:\/\/dev.fondationpierrefabre.org\/fr\/#organization"},"potentialAction":[{"@type":"SearchAction","target":{"@type":"EntryPoint","urlTemplate":"https:\/\/dev.fondationpierrefabre.org\/fr\/?s={search_term_string}"},"query-input":{"@type":"PropertyValueSpecification","valueRequired":true,"valueName":"search_term_string"}}],"inLanguage":"fr-FR"},{"@type":"Organization","@id":"https:\/\/dev.fondationpierrefabre.org\/fr\/#organization","name":"Fondation Pierre Fabre","url":"https:\/\/dev.fondationpierrefabre.org\/fr\/","logo":{"@type":"ImageObject","inLanguage":"fr-FR","@id":"https:\/\/dev.fondationpierrefabre.org\/fr\/#\/schema\/logo\/image\/","url":"https:\/\/dev.fondationpierrefabre.org\/wp-content\/uploads\/2018\/04\/fondation-pierre-fabre-logo.png","contentUrl":"https:\/\/dev.fondationpierrefabre.org\/wp-content\/uploads\/2018\/04\/fondation-pierre-fabre-logo.png","width":240,"height":60,"caption":"Fondation Pierre Fabre"},"image":{"@id":"https:\/\/dev.fondationpierrefabre.org\/fr\/#\/schema\/logo\/image\/"},"sameAs":["https:\/\/www.facebook.com\/FondationPierreFabre\/","https:\/\/x.com\/FondationPFabre","https:\/\/www.linkedin.com\/company\/fondation_pierrefabre\/","https:\/\/www.youtube.com\/channel\/UCSTB8YVIiEnbarvfFcQ-4UA"]}]}},"_links":{"self":[{"href":"https:\/\/dev.fondationpierrefabre.org\/fr\/wp-json\/wp\/v2\/pages\/261","targetHints":{"allow":["GET"]}}],"collection":[{"href":"https:\/\/dev.fondationpierrefabre.org\/fr\/wp-json\/wp\/v2\/pages"}],"about":[{"href":"https:\/\/dev.fondationpierrefabre.org\/fr\/wp-json\/wp\/v2\/types\/page"}],"author":[{"embeddable":true,"href":"https:\/\/dev.fondationpierrefabre.org\/fr\/wp-json\/wp\/v2\/users\/2"}],"replies":[{"embeddable":true,"href":"https:\/\/dev.fondationpierrefabre.org\/fr\/wp-json\/wp\/v2\/comments?post=261"}],"version-history":[{"count":0,"href":"https:\/\/dev.fondationpierrefabre.org\/fr\/wp-json\/wp\/v2\/pages\/261\/revisions"}],"up":[{"embeddable":true,"href":"https:\/\/dev.fondationpierrefabre.org\/fr\/wp-json\/wp\/v2\/pages\/3051"}],"wp:attachment":[{"href":"https:\/\/dev.fondationpierrefabre.org\/fr\/wp-json\/wp\/v2\/media?parent=261"}],"curies":[{"name":"wp","href":"https:\/\/api.w.org\/{rel}","templated":true}]}}