{"id":3074,"date":"2018-05-03T00:20:21","date_gmt":"2018-05-02T22:20:21","guid":{"rendered":"http:\/\/dev.fondationpierrefabre.org\/connaitre-la-fondation\/connaitre-la-fondation-organisation\/"},"modified":"2019-02-13T09:22:54","modified_gmt":"2019-02-13T08:22:54","slug":"governance","status":"publish","type":"page","link":"https:\/\/dev.fondationpierrefabre.org\/en\/the-foundation\/governance\/","title":{"rendered":"Foundation governance"},"content":{"rendered":"<p><div class=\"fusion-fullwidth fullwidth-box fusion-builder-row-1 hundred-percent-fullwidth non-hundred-percent-height-scrolling\" style=\"--awb-border-radius-top-left:0px;--awb-border-radius-top-right:0px;--awb-border-radius-bottom-right:0px;--awb-border-radius-bottom-left:0px;--awb-background-color:#f2f2f2;--awb-flex-wrap:wrap;\" ><div class=\"fusion-builder-row fusion-row\"><div class=\"fusion-layout-column fusion_builder_column fusion-builder-column-0 fusion_builder_column_1_1 1_1 fusion-one-full fusion-column-first fusion-column-last\" style=\"--awb-bg-size:cover;\"><div class=\"fusion-column-wrapper fusion-flex-column-wrapper-legacy\"><div class=\"fusion-text fusion-text-1\"><h1 style=\"text-align: center\">Foundation governance<\/h1>\n<\/div><div class=\"fusion-clearfix\"><\/div><\/div><\/div><\/div><\/div><div class=\"fusion-fullwidth fullwidth-box fusion-builder-row-2 nonhundred-percent-fullwidth non-hundred-percent-height-scrolling\" style=\"--awb-border-radius-top-left:0px;--awb-border-radius-top-right:0px;--awb-border-radius-bottom-right:0px;--awb-border-radius-bottom-left:0px;--awb-margin-top:40px;--awb-flex-wrap:wrap;\" ><div class=\"fusion-builder-row fusion-row\"><div class=\"fusion-layout-column fusion_builder_column fusion-builder-column-1 fusion_builder_column_1_1 1_1 fusion-one-full fusion-column-first fusion-column-last\" style=\"--awb-bg-size:cover;\"><div class=\"fusion-column-wrapper fusion-flex-column-wrapper-legacy\"><div class=\"fusion-text fusion-text-2\"><h2>BOARD OF DIRECTORS<\/h2>\n<p><span style=\"color: #14769e;font-size: 12pt\"><strong>Fondation Pierre Fabre is overseen by a Board of Directors that meets at least twice annually. The Board establishes guidelines, approves strategic projects and ensures the proper management of the Foundation. It has 14 members divided into three colleges:<\/strong><\/span><\/p>\n<p><strong><span style=\"font-size: 14pt\">The Council of Founders<\/span><\/strong><\/p>\n<ul>\n<li><strong>M. Pierre-Yves Revol<\/strong>, President of Fondation Pierre Fabre<\/li>\n<li><strong>M. Jacques Fabre<\/strong>, Secretary of Fondation Pierre Fabre<\/li>\n<li><strong>M. Jacques Godfrain<\/strong>, Treasurer (former Minister for Cooperation)<\/li>\n<li><strong>Mme Huong Mangin<\/strong>, CEO of companies<\/li>\n<li><strong>M. Francis Piquemal<\/strong>, Administrator of companies<\/li>\n<li><strong>M. Jean-Pierre Marcantoni<\/strong>, Cardiologist<\/li>\n<\/ul>\n<p><strong><span style=\"font-size: 14pt\">Ex officio members<\/span><\/strong><\/p>\n<ul>\n<li><strong>M. Jean-Michel Mougard<\/strong>, Spokesperson for the French Interior Minister, Prefect of Tarn<\/li>\n<li><strong>M. Jean-Pierre Lamarque<\/strong>, Spokesperson to the Minister for Foreign Affairs and Development, Doctor, Advisor on international development and health care for Western Africa<\/li>\n<\/ul>\n<p><strong><span style=\"font-size: 14pt\">Co-opted members<\/span><\/strong><\/p>\n<ul>\n<li><strong>Mme Nathalie Delapalme<\/strong>, Director of Research and Public Policy for the Mo Ibrahim Foundation<\/li>\n<li><strong>M. Alain M\u00e9rieux<\/strong>, PhD in Pharmacy, President of the M\u00e9rieux Institute<\/li>\n<li><strong>M. Jean-Martin Cohen Solal<\/strong>, Doctor, Executive Officer of Mutualit\u00e9 Fran\u00e7aise<\/li>\n<li><strong>M. Philippe Faure<\/strong>, Ambassador of France<\/li>\n<li><strong>M. Luong N\u2019Guyen<\/strong>, PhD in medicine, specialising in ophthalmology<\/li>\n<li><strong>M. le Professeur Pierre Teillac<\/strong>, Urology surgeon<\/li>\n<\/ul>\n<\/div><div class=\"fusion-clearfix\"><\/div><\/div><\/div><\/div><\/div><div class=\"fusion-fullwidth fullwidth-box fusion-builder-row-3 nonhundred-percent-fullwidth non-hundred-percent-height-scrolling\" style=\"--awb-border-radius-top-left:0px;--awb-border-radius-top-right:0px;--awb-border-radius-bottom-right:0px;--awb-border-radius-bottom-left:0px;--awb-margin-top:50px;--awb-flex-wrap:wrap;\" ><div class=\"fusion-builder-row fusion-row\"><div class=\"fusion-layout-column fusion_builder_column fusion-builder-column-2 fusion_builder_column_1_1 1_1 fusion-one-full fusion-column-first fusion-column-last\" style=\"--awb-bg-size:cover;\"><div class=\"fusion-column-wrapper fusion-flex-column-wrapper-legacy\"><div class=\"fusion-text fusion-text-3\"><h2>MANAGEMENT<\/h2>\n<p><span style=\"color: #14769e\"><strong>The management team, under the leadership of the Director General, suggests programmes and initiatives to the Board and ensure programme implementation, coordination and monitoring.<\/strong><\/span><\/p>\n<p><strong><span style=\"font-size: 14pt\">Management team<\/span><\/strong><\/p>\n<ul>\n<li><strong>Mme B\u00e9atrice Garrette<\/strong>, Director General<\/li>\n<li><strong>Mr Jean-Paul Caub\u00e8re<\/strong>, Scientific Director<\/li>\n<li><strong>Mme V\u00e9ronique Teyssi\u00e9<\/strong>, Project manager<\/li>\n<li><strong>Mme Fran\u00e7oise Nepveu<\/strong>, Scientific advisor<\/li>\n<li><strong>Mme Elodie Montagne Moulis<\/strong>, General secretary<\/li>\n<li><strong>Mlle Emilie Lauressergues<\/strong>, Research officer<\/li>\n<li><strong>Mr Guillaume Festivi<\/strong>,\u00a0Director of ccomunication<\/li>\n<\/ul>\n<\/div><div class=\"fusion-clearfix\"><\/div><\/div><\/div><\/div><\/div><div class=\"fusion-fullwidth fullwidth-box fusion-builder-row-4 nonhundred-percent-fullwidth non-hundred-percent-height-scrolling\" style=\"--awb-border-radius-top-left:0px;--awb-border-radius-top-right:0px;--awb-border-radius-bottom-right:0px;--awb-border-radius-bottom-left:0px;--awb-margin-top:50px;--awb-margin-bottom:25px;--awb-flex-wrap:wrap;\" ><div class=\"fusion-builder-row fusion-row\"><div class=\"fusion-layout-column fusion_builder_column fusion-builder-column-3 fusion_builder_column_1_1 1_1 fusion-one-full fusion-column-first fusion-column-last\" style=\"--awb-bg-size:cover;\"><div class=\"fusion-column-wrapper fusion-flex-column-wrapper-legacy\"><div class=\"fusion-text fusion-text-4\"><h2>THE SCIENTIFIC COMMITTEE<\/h2>\n<p><span style=\"color: #14769e\"><strong>With eight eminent scientists, the Scientific Committee proposes and gives advisory opinions on major priorities and on the programme of action.<\/strong><\/span><\/p>\n<ul>\n<li><strong>Pr\u00e9sident,\u00a0Professeur Pierre Teillac<\/strong>, Urology surgeon, Director of the Curie Institute hospital group from 2011 to 2014<\/li>\n<li><strong>Professeur Jean Cros<\/strong>, Pharmacologist, Scientific advisor to Fondation Pierre Fabre<\/li>\n<li><strong>Professeur Dapa Diallo<\/strong>, Haematologist, CEO of the CRLD in Bamako (Mali)<\/li>\n<li><strong>Professeur Marc Gentilini<\/strong>, Specialist in infectious and tropical diseases Emeritus Professor at the H\u00f4pital de la Piti\u00e9 Salp\u00e9tri\u00e8re, Member of the Academy of Medicine, which he presided over in 2008, Founding President of the Organisation Panafricaine de Lutte pour la Sant\u00e9 (OPALS) President of the French Red Cross from 1997 to 2004<\/li>\n<li><strong>Professeur G\u00e9rard Lorette<\/strong>, Dermatologist, Full Professor, Head of the University Medical Centre of Tours, member of the Molecular Virology and Immunology Research Team, UMR 1282 INRA &#8211; Tours University<\/li>\n<li><strong>Professeur Gil Tchernia<\/strong>, Haematology Honorary Professor at the Faculty of Medicine, Paris XI<\/li>\n<li><strong>Professeur Michel Vidal<\/strong>, Pharmacochemist, Head of the &#8220;Peptides and Peptidomimetics for Anti-Angiogenesis&#8221; at UMR 8638 CNRS &#8211; University Paris Descartes<\/li>\n<li><strong>Docteur Claire Rieux<\/strong>, Haematologist, Hospital Henri Mondor, advisor in epidemiology and humanitarian medicine<\/li>\n<li><strong>Docteur Bernard Vallat<\/strong>, Veterinary surgeon, General director of OIE (World Organisation for Animal Health)<\/li>\n<\/ul>\n<p><em>All duties and functions of the members of both the Board of Directors and the Scientific Committee are performed on a volunteer basis.<\/em><\/p>\n<\/div><div class=\"fusion-clearfix\"><\/div><\/div><\/div><\/div><\/div><\/p>\n","protected":false},"excerpt":{"rendered":"","protected":false},"author":2,"featured_media":0,"parent":3056,"menu_order":0,"comment_status":"closed","ping_status":"closed","template":"100-width.php","meta":{"_acf_changed":false,"footnotes":""},"class_list":["post-3074","page","type-page","status-publish","hentry"],"acf":[],"yoast_head":"<!-- This site is optimized with the Yoast SEO plugin v27.2 - https:\/\/yoast.com\/product\/yoast-seo-wordpress\/ -->\n<title>Foundation governance | Fondation Pierre Fabre<\/title>\n<meta name=\"description\" content=\"Fondation is overseen by a Board of Directors that meets at least twice annually. The Board establishes guidelines and approves strategic projects.\" \/>\n<meta name=\"robots\" content=\"noindex, follow, max-snippet:-1, max-image-preview:large, max-video-preview:-1\" \/>\n<meta property=\"og:locale\" content=\"en_US\" \/>\n<meta property=\"og:type\" content=\"article\" \/>\n<meta property=\"og:title\" content=\"Foundation governance | Fondation Pierre Fabre\" \/>\n<meta property=\"og:description\" content=\"Fondation is overseen by a Board of Directors that meets at least twice annually. The Board establishes guidelines and approves strategic projects.\" \/>\n<meta property=\"og:url\" content=\"https:\/\/dev.fondationpierrefabre.org\/en\/the-foundation\/governance\/\" \/>\n<meta property=\"og:site_name\" content=\"Dev FPF\" \/>\n<meta property=\"article:publisher\" content=\"https:\/\/www.facebook.com\/FondationPierreFabre\/\" \/>\n<meta property=\"article:modified_time\" content=\"2019-02-13T08:22:54+00:00\" \/>\n<meta property=\"og:image\" content=\"https:\/\/dev.fondationpierrefabre.org\/wp-content\/uploads\/2018\/05\/Fondation-Pierre-Fabre-Logo.jpg\" \/>\n\t<meta property=\"og:image:width\" content=\"1940\" \/>\n\t<meta property=\"og:image:height\" content=\"578\" \/>\n\t<meta property=\"og:image:type\" content=\"image\/jpeg\" \/>\n<meta name=\"twitter:card\" content=\"summary_large_image\" \/>\n<meta name=\"twitter:site\" content=\"@FondationPFabre\" \/>\n<meta name=\"twitter:label1\" content=\"Est. reading time\" \/>\n\t<meta name=\"twitter:data1\" content=\"6 minutes\" \/>\n<script type=\"application\/ld+json\" class=\"yoast-schema-graph\">{\"@context\":\"https:\/\/schema.org\",\"@graph\":[{\"@type\":\"WebPage\",\"@id\":\"https:\/\/dev.fondationpierrefabre.org\/en\/the-foundation\/governance\/\",\"url\":\"https:\/\/dev.fondationpierrefabre.org\/en\/the-foundation\/governance\/\",\"name\":\"Foundation governance | Fondation Pierre Fabre\",\"isPartOf\":{\"@id\":\"https:\/\/dev.fondationpierrefabre.org\/fr\/#website\"},\"datePublished\":\"2018-05-02T22:20:21+00:00\",\"dateModified\":\"2019-02-13T08:22:54+00:00\",\"description\":\"Fondation is overseen by a Board of Directors that meets at least twice annually. The Board establishes guidelines and approves strategic projects.\",\"breadcrumb\":{\"@id\":\"https:\/\/dev.fondationpierrefabre.org\/en\/the-foundation\/governance\/#breadcrumb\"},\"inLanguage\":\"en-US\",\"potentialAction\":[{\"@type\":\"ReadAction\",\"target\":[\"https:\/\/dev.fondationpierrefabre.org\/en\/the-foundation\/governance\/\"]}]},{\"@type\":\"BreadcrumbList\",\"@id\":\"https:\/\/dev.fondationpierrefabre.org\/en\/the-foundation\/governance\/#breadcrumb\",\"itemListElement\":[{\"@type\":\"ListItem\",\"position\":1,\"name\":\"\",\"item\":\"https:\/\/dev.fondationpierrefabre.org\/en\/\"},{\"@type\":\"ListItem\",\"position\":2,\"name\":\"The Foundation\",\"item\":\"https:\/\/dev.fondationpierrefabre.org\/en\/the-foundation\/\"},{\"@type\":\"ListItem\",\"position\":3,\"name\":\"Foundation governance\"}]},{\"@type\":\"WebSite\",\"@id\":\"https:\/\/dev.fondationpierrefabre.org\/fr\/#website\",\"url\":\"https:\/\/dev.fondationpierrefabre.org\/fr\/\",\"name\":\"Dev FPF\",\"description\":\"Acc\u00e8s aux soins de qualit\u00e9 pour tous\",\"publisher\":{\"@id\":\"https:\/\/dev.fondationpierrefabre.org\/fr\/#organization\"},\"potentialAction\":[{\"@type\":\"SearchAction\",\"target\":{\"@type\":\"EntryPoint\",\"urlTemplate\":\"https:\/\/dev.fondationpierrefabre.org\/fr\/?s={search_term_string}\"},\"query-input\":{\"@type\":\"PropertyValueSpecification\",\"valueRequired\":true,\"valueName\":\"search_term_string\"}}],\"inLanguage\":\"en-US\"},{\"@type\":\"Organization\",\"@id\":\"https:\/\/dev.fondationpierrefabre.org\/fr\/#organization\",\"name\":\"Fondation Pierre Fabre\",\"url\":\"https:\/\/dev.fondationpierrefabre.org\/fr\/\",\"logo\":{\"@type\":\"ImageObject\",\"inLanguage\":\"en-US\",\"@id\":\"https:\/\/dev.fondationpierrefabre.org\/fr\/#\/schema\/logo\/image\/\",\"url\":\"https:\/\/dev.fondationpierrefabre.org\/wp-content\/uploads\/2018\/04\/fondation-pierre-fabre-logo.png\",\"contentUrl\":\"https:\/\/dev.fondationpierrefabre.org\/wp-content\/uploads\/2018\/04\/fondation-pierre-fabre-logo.png\",\"width\":240,\"height\":60,\"caption\":\"Fondation Pierre Fabre\"},\"image\":{\"@id\":\"https:\/\/dev.fondationpierrefabre.org\/fr\/#\/schema\/logo\/image\/\"},\"sameAs\":[\"https:\/\/www.facebook.com\/FondationPierreFabre\/\",\"https:\/\/x.com\/FondationPFabre\",\"https:\/\/www.linkedin.com\/company\/fondation_pierrefabre\/\",\"https:\/\/www.youtube.com\/channel\/UCSTB8YVIiEnbarvfFcQ-4UA\"]}]}<\/script>\n<!-- \/ Yoast SEO plugin. -->","yoast_head_json":{"title":"Foundation governance | Fondation Pierre Fabre","description":"Fondation is overseen by a Board of Directors that meets at least twice annually. The Board establishes guidelines and approves strategic projects.","robots":{"index":"noindex","follow":"follow","max-snippet":"max-snippet:-1","max-image-preview":"max-image-preview:large","max-video-preview":"max-video-preview:-1"},"og_locale":"en_US","og_type":"article","og_title":"Foundation governance | Fondation Pierre Fabre","og_description":"Fondation is overseen by a Board of Directors that meets at least twice annually. The Board establishes guidelines and approves strategic projects.","og_url":"https:\/\/dev.fondationpierrefabre.org\/en\/the-foundation\/governance\/","og_site_name":"Dev FPF","article_publisher":"https:\/\/www.facebook.com\/FondationPierreFabre\/","article_modified_time":"2019-02-13T08:22:54+00:00","og_image":[{"width":1940,"height":578,"url":"https:\/\/dev.fondationpierrefabre.org\/wp-content\/uploads\/2018\/05\/Fondation-Pierre-Fabre-Logo.jpg","type":"image\/jpeg"}],"twitter_card":"summary_large_image","twitter_site":"@FondationPFabre","twitter_misc":{"Est. reading time":"6 minutes"},"schema":{"@context":"https:\/\/schema.org","@graph":[{"@type":"WebPage","@id":"https:\/\/dev.fondationpierrefabre.org\/en\/the-foundation\/governance\/","url":"https:\/\/dev.fondationpierrefabre.org\/en\/the-foundation\/governance\/","name":"Foundation governance | Fondation Pierre Fabre","isPartOf":{"@id":"https:\/\/dev.fondationpierrefabre.org\/fr\/#website"},"datePublished":"2018-05-02T22:20:21+00:00","dateModified":"2019-02-13T08:22:54+00:00","description":"Fondation is overseen by a Board of Directors that meets at least twice annually. The Board establishes guidelines and approves strategic projects.","breadcrumb":{"@id":"https:\/\/dev.fondationpierrefabre.org\/en\/the-foundation\/governance\/#breadcrumb"},"inLanguage":"en-US","potentialAction":[{"@type":"ReadAction","target":["https:\/\/dev.fondationpierrefabre.org\/en\/the-foundation\/governance\/"]}]},{"@type":"BreadcrumbList","@id":"https:\/\/dev.fondationpierrefabre.org\/en\/the-foundation\/governance\/#breadcrumb","itemListElement":[{"@type":"ListItem","position":1,"name":"","item":"https:\/\/dev.fondationpierrefabre.org\/en\/"},{"@type":"ListItem","position":2,"name":"The Foundation","item":"https:\/\/dev.fondationpierrefabre.org\/en\/the-foundation\/"},{"@type":"ListItem","position":3,"name":"Foundation governance"}]},{"@type":"WebSite","@id":"https:\/\/dev.fondationpierrefabre.org\/fr\/#website","url":"https:\/\/dev.fondationpierrefabre.org\/fr\/","name":"Dev FPF","description":"Acc\u00e8s aux soins de qualit\u00e9 pour tous","publisher":{"@id":"https:\/\/dev.fondationpierrefabre.org\/fr\/#organization"},"potentialAction":[{"@type":"SearchAction","target":{"@type":"EntryPoint","urlTemplate":"https:\/\/dev.fondationpierrefabre.org\/fr\/?s={search_term_string}"},"query-input":{"@type":"PropertyValueSpecification","valueRequired":true,"valueName":"search_term_string"}}],"inLanguage":"en-US"},{"@type":"Organization","@id":"https:\/\/dev.fondationpierrefabre.org\/fr\/#organization","name":"Fondation Pierre Fabre","url":"https:\/\/dev.fondationpierrefabre.org\/fr\/","logo":{"@type":"ImageObject","inLanguage":"en-US","@id":"https:\/\/dev.fondationpierrefabre.org\/fr\/#\/schema\/logo\/image\/","url":"https:\/\/dev.fondationpierrefabre.org\/wp-content\/uploads\/2018\/04\/fondation-pierre-fabre-logo.png","contentUrl":"https:\/\/dev.fondationpierrefabre.org\/wp-content\/uploads\/2018\/04\/fondation-pierre-fabre-logo.png","width":240,"height":60,"caption":"Fondation Pierre Fabre"},"image":{"@id":"https:\/\/dev.fondationpierrefabre.org\/fr\/#\/schema\/logo\/image\/"},"sameAs":["https:\/\/www.facebook.com\/FondationPierreFabre\/","https:\/\/x.com\/FondationPFabre","https:\/\/www.linkedin.com\/company\/fondation_pierrefabre\/","https:\/\/www.youtube.com\/channel\/UCSTB8YVIiEnbarvfFcQ-4UA"]}]}},"_links":{"self":[{"href":"https:\/\/dev.fondationpierrefabre.org\/en\/wp-json\/wp\/v2\/pages\/3074","targetHints":{"allow":["GET"]}}],"collection":[{"href":"https:\/\/dev.fondationpierrefabre.org\/en\/wp-json\/wp\/v2\/pages"}],"about":[{"href":"https:\/\/dev.fondationpierrefabre.org\/en\/wp-json\/wp\/v2\/types\/page"}],"author":[{"embeddable":true,"href":"https:\/\/dev.fondationpierrefabre.org\/en\/wp-json\/wp\/v2\/users\/2"}],"replies":[{"embeddable":true,"href":"https:\/\/dev.fondationpierrefabre.org\/en\/wp-json\/wp\/v2\/comments?post=3074"}],"version-history":[{"count":0,"href":"https:\/\/dev.fondationpierrefabre.org\/en\/wp-json\/wp\/v2\/pages\/3074\/revisions"}],"up":[{"embeddable":true,"href":"https:\/\/dev.fondationpierrefabre.org\/en\/wp-json\/wp\/v2\/pages\/3056"}],"wp:attachment":[{"href":"https:\/\/dev.fondationpierrefabre.org\/en\/wp-json\/wp\/v2\/media?parent=3074"}],"curies":[{"name":"wp","href":"https:\/\/api.w.org\/{rel}","templated":true}]}}